{"id":9851,"date":"2020-04-13T06:54:52","date_gmt":"2020-04-13T06:54:52","guid":{"rendered":"http:\/\/sparkle.bootests.com\/?page_id=9851"},"modified":"2020-07-06T18:39:23","modified_gmt":"2020-07-06T15:39:23","slug":"join-us","status":"publish","type":"page","link":"https:\/\/sparklebymarche.com\/en\/join-us\/","title":{"rendered":"Join Us"},"content":{"rendered":"<section class=\"wpb-content-wrapper\"><p>[vc_row][vc_column][vc_column_text]<\/p>\n<p style=\"text-align: center;\">Siz de etkinlik profesyoneliyseniz Sparkle ailesine kat\u0131lmak i\u00e7in ba\u015fvurunuzu yapabilirsiniz.<\/p>\n<p>[\/vc_column_text][\/vc_column][\/vc_row][vc_row el_class=&#8221;sparkle-form-row&#8221;][vc_column]\n<div class=\"wpcf7 no-js\" id=\"wpcf7-f9857-o1\" lang=\"en-US\" dir=\"ltr\">\n<div class=\"screen-reader-response\"><p role=\"status\" aria-live=\"polite\" aria-atomic=\"true\"><\/p> <ul><\/ul><\/div>\n<form action=\"\/en\/wp-json\/wp\/v2\/pages\/9851#wpcf7-f9857-o1\" method=\"post\" class=\"wpcf7-form init\" aria-label=\"Contact form\" enctype=\"multipart\/form-data\" novalidate=\"novalidate\" data-status=\"init\">\n<div style=\"display: none;\">\n<input type=\"hidden\" name=\"_wpcf7\" value=\"9857\" \/>\n<input type=\"hidden\" name=\"_wpcf7_version\" value=\"5.7.4\" \/>\n<input type=\"hidden\" name=\"_wpcf7_locale\" value=\"en_US\" \/>\n<input type=\"hidden\" name=\"_wpcf7_unit_tag\" value=\"wpcf7-f9857-o1\" \/>\n<input type=\"hidden\" name=\"_wpcf7_container_post\" value=\"0\" \/>\n<input type=\"hidden\" name=\"_wpcf7_posted_data_hash\" value=\"\" \/>\n<input type=\"hidden\" name=\"_wpcf7_recaptcha_response\" value=\"\" \/>\n<\/div>\n<div class=\"teklif_sepeti_form\">\n\t<p class=\"two-col-form-left\"><span class=\"wpcf7-form-control-wrap\" data-name=\"ad\"><input size=\"40\" class=\"wpcf7-form-control wpcf7-text wpcf7-validates-as-required\" aria-required=\"true\" aria-invalid=\"false\" placeholder=\"Name*\" value=\"\" type=\"text\" name=\"ad\" \/><\/span>\n\t<\/p>\n\t<p class=\"two-col-form-right\"><span class=\"wpcf7-form-control-wrap\" data-name=\"soyad\"><input size=\"40\" class=\"wpcf7-form-control wpcf7-text wpcf7-validates-as-required\" aria-required=\"true\" aria-invalid=\"false\" placeholder=\"Surname*\" value=\"\" type=\"text\" name=\"soyad\" \/><\/span>\n\t<\/p>\n\t<p class=\"two-col-form-left\"><span class=\"wpcf7-form-control-wrap\" data-name=\"telefon\"><input size=\"40\" class=\"wpcf7-form-control wpcf7-text wpcf7-tel wpcf7-validates-as-tel\" aria-invalid=\"false\" placeholder=\"Phone*\" value=\"\" type=\"tel\" name=\"telefon\" \/><\/span>\n\t<\/p>\n\t<p class=\"two-col-form-right\"><span class=\"wpcf7-form-control-wrap\" data-name=\"email\"><input size=\"40\" class=\"wpcf7-form-control wpcf7-text wpcf7-email wpcf7-validates-as-email\" aria-invalid=\"false\" placeholder=\"E-mail*\" value=\"\" type=\"email\" name=\"email\" \/><\/span>\n\t<\/p>\n\t<p><span class=\"wpcf7-form-control-wrap\" data-name=\"mesaj\"><textarea cols=\"40\" rows=\"4\" class=\"wpcf7-form-control wpcf7-textarea\" aria-invalid=\"false\" placeholder=\"Messagee\" name=\"mesaj\"><\/textarea><\/span>\n\t<\/p>\n\t<p><span class=\"wpcf7-form-control-wrap\" data-name=\"cv\"><input size=\"40\" class=\"wpcf7-form-control wpcf7-file wpcf7-validates-as-required\" accept=\".word,.pdf\" aria-required=\"true\" aria-invalid=\"false\" type=\"file\" name=\"cv\" \/><\/span>\n\t<\/p>\n\t<div class=\"teklif_sepeti_form\">\n\t\t<p><span class=\"wpcf7-form-control-wrap\" data-name=\"gizlilik-politikasi\"><span class=\"wpcf7-form-control wpcf7-acceptance optional\"><span class=\"wpcf7-list-item\"><label><input type=\"checkbox\" name=\"gizlilik-politikasi\" value=\"1\" aria-invalid=\"false\" \/><span class=\"wpcf7-list-item-label\"><div class=\"sparkle-contact-us-label-text\"> <b><a target=\"_blank\" style=\"color: white !important;\" href=\"\/en\/privacy-policy\">Privacy Policy<\/a><\/b>I have read and accept.\n<\/div><\/span><\/label><\/span><\/span><\/span>\n\t\t<\/p>\n\t<\/div>\n\t<p><input class=\"wpcf7-form-control has-spinner wpcf7-submit\" type=\"submit\" value=\"Sent\" \/>\n\t<\/p>\n<\/div><div class=\"wpcf7-response-output\" aria-hidden=\"true\"><\/div>\n<\/form>\n<\/div>\n[\/vc_column][\/vc_row]<\/p>\n<\/section>","protected":false},"excerpt":{"rendered":"<p>[vc_row][vc_column][vc_column_text] Siz de etkinlik profesyoneliyseniz Sparkle ailesine kat\u0131lmak i\u00e7in ba\u015fvurunuzu yapabilirsiniz. [\/vc_column_text][\/vc_column][\/vc_row][vc_row el_class=&#8221;sparkle-form-row&#8221;][vc_column][\/vc_column][\/vc_row]<\/p>\n","protected":false},"author":7,"featured_media":0,"parent":0,"menu_order":13,"comment_status":"closed","ping_status":"closed","template":"","meta":[],"acf":[],"yoast_head":"<!-- This site is optimized with the Yoast SEO plugin v20.2.1 - https:\/\/yoast.com\/wordpress\/plugins\/seo\/ -->\n<title>Join Us - Sparkle<\/title>\n<meta name=\"description\" content=\"If you are a professional in the event, you can apply to join the Sparkle family.\" \/>\n<meta name=\"robots\" content=\"index, follow, max-snippet:-1, max-image-preview:large, max-video-preview:-1\" \/>\n<link rel=\"canonical\" href=\"https:\/\/sparklebymarche.com\/en\/join-us\/\" \/>\n<meta property=\"og:locale\" content=\"en_US\" \/>\n<meta property=\"og:type\" content=\"article\" \/>\n<meta property=\"og:title\" content=\"Join Us - Sparkle\" \/>\n<meta property=\"og:description\" content=\"If you are a professional in the event, you can apply to join the Sparkle family.\" \/>\n<meta property=\"og:url\" content=\"https:\/\/sparklebymarche.com\/en\/join-us\/\" \/>\n<meta property=\"og:site_name\" content=\"Sparkle\" \/>\n<meta property=\"article:modified_time\" content=\"2020-07-06T15:39:23+00:00\" \/>\n<meta name=\"twitter:card\" content=\"summary_large_image\" \/>\n<script type=\"application\/ld+json\" class=\"yoast-schema-graph\">{\"@context\":\"https:\/\/schema.org\",\"@graph\":[{\"@type\":\"WebPage\",\"@id\":\"https:\/\/sparklebymarche.com\/en\/join-us\/\",\"url\":\"https:\/\/sparklebymarche.com\/en\/join-us\/\",\"name\":\"Join Us - Sparkle\",\"isPartOf\":{\"@id\":\"https:\/\/sparklebymarche.com\/en\/#website\"},\"datePublished\":\"2020-04-13T06:54:52+00:00\",\"dateModified\":\"2020-07-06T15:39:23+00:00\",\"description\":\"If you are a professional in the event, you can apply to join the Sparkle family.\",\"breadcrumb\":{\"@id\":\"https:\/\/sparklebymarche.com\/en\/join-us\/#breadcrumb\"},\"inLanguage\":\"en-US\",\"potentialAction\":[{\"@type\":\"ReadAction\",\"target\":[\"https:\/\/sparklebymarche.com\/en\/join-us\/\"]}]},{\"@type\":\"BreadcrumbList\",\"@id\":\"https:\/\/sparklebymarche.com\/en\/join-us\/#breadcrumb\",\"itemListElement\":[{\"@type\":\"ListItem\",\"position\":1,\"name\":\"Ana sayfa\",\"item\":\"https:\/\/sparklebymarche.com\/en\/\"},{\"@type\":\"ListItem\",\"position\":2,\"name\":\"Join Us\"}]},{\"@type\":\"WebSite\",\"@id\":\"https:\/\/sparklebymarche.com\/en\/#website\",\"url\":\"https:\/\/sparklebymarche.com\/en\/\",\"name\":\"Sparkle\",\"description\":\"Entertainment &amp; Design\",\"potentialAction\":[{\"@type\":\"SearchAction\",\"target\":{\"@type\":\"EntryPoint\",\"urlTemplate\":\"https:\/\/sparklebymarche.com\/en\/?s={search_term_string}\"},\"query-input\":\"required name=search_term_string\"}],\"inLanguage\":\"en-US\"}]}<\/script>\n<!-- \/ Yoast SEO plugin. -->","yoast_head_json":{"title":"Join Us - Sparkle","description":"If you are a professional in the event, you can apply to join the Sparkle family.","robots":{"index":"index","follow":"follow","max-snippet":"max-snippet:-1","max-image-preview":"max-image-preview:large","max-video-preview":"max-video-preview:-1"},"canonical":"https:\/\/sparklebymarche.com\/en\/join-us\/","og_locale":"en_US","og_type":"article","og_title":"Join Us - Sparkle","og_description":"If you are a professional in the event, you can apply to join the Sparkle family.","og_url":"https:\/\/sparklebymarche.com\/en\/join-us\/","og_site_name":"Sparkle","article_modified_time":"2020-07-06T15:39:23+00:00","twitter_card":"summary_large_image","schema":{"@context":"https:\/\/schema.org","@graph":[{"@type":"WebPage","@id":"https:\/\/sparklebymarche.com\/en\/join-us\/","url":"https:\/\/sparklebymarche.com\/en\/join-us\/","name":"Join Us - Sparkle","isPartOf":{"@id":"https:\/\/sparklebymarche.com\/en\/#website"},"datePublished":"2020-04-13T06:54:52+00:00","dateModified":"2020-07-06T15:39:23+00:00","description":"If you are a professional in the event, you can apply to join the Sparkle family.","breadcrumb":{"@id":"https:\/\/sparklebymarche.com\/en\/join-us\/#breadcrumb"},"inLanguage":"en-US","potentialAction":[{"@type":"ReadAction","target":["https:\/\/sparklebymarche.com\/en\/join-us\/"]}]},{"@type":"BreadcrumbList","@id":"https:\/\/sparklebymarche.com\/en\/join-us\/#breadcrumb","itemListElement":[{"@type":"ListItem","position":1,"name":"Ana sayfa","item":"https:\/\/sparklebymarche.com\/en\/"},{"@type":"ListItem","position":2,"name":"Join Us"}]},{"@type":"WebSite","@id":"https:\/\/sparklebymarche.com\/en\/#website","url":"https:\/\/sparklebymarche.com\/en\/","name":"Sparkle","description":"Entertainment &amp; Design","potentialAction":[{"@type":"SearchAction","target":{"@type":"EntryPoint","urlTemplate":"https:\/\/sparklebymarche.com\/en\/?s={search_term_string}"},"query-input":"required name=search_term_string"}],"inLanguage":"en-US"}]}},"_links":{"self":[{"href":"https:\/\/sparklebymarche.com\/en\/wp-json\/wp\/v2\/pages\/9851"}],"collection":[{"href":"https:\/\/sparklebymarche.com\/en\/wp-json\/wp\/v2\/pages"}],"about":[{"href":"https:\/\/sparklebymarche.com\/en\/wp-json\/wp\/v2\/types\/page"}],"author":[{"embeddable":true,"href":"https:\/\/sparklebymarche.com\/en\/wp-json\/wp\/v2\/users\/7"}],"replies":[{"embeddable":true,"href":"https:\/\/sparklebymarche.com\/en\/wp-json\/wp\/v2\/comments?post=9851"}],"version-history":[{"count":0,"href":"https:\/\/sparklebymarche.com\/en\/wp-json\/wp\/v2\/pages\/9851\/revisions"}],"wp:attachment":[{"href":"https:\/\/sparklebymarche.com\/en\/wp-json\/wp\/v2\/media?parent=9851"}],"curies":[{"name":"wp","href":"https:\/\/api.w.org\/{rel}","templated":true}]}}