{"id":9835,"date":"2020-04-13T06:44:24","date_gmt":"2020-04-13T06:44:24","guid":{"rendered":"http:\/\/sparkle.bootests.com\/?page_id=9835"},"modified":"2020-07-06T14:40:07","modified_gmt":"2020-07-06T11:40:07","slug":"privacy-policy","status":"publish","type":"page","link":"https:\/\/sparklebymarche.com\/en\/privacy-policy\/","title":{"rendered":"Privacy Policy"},"content":{"rendered":"<section class=\"wpb-content-wrapper\"><p>[vc_row][vc_column][vc_column_text]<\/p>\n<h2>1. Genel<\/h2>\n<p>Bundan b\u00f6yle \u201cSparkle\u201d olarak an\u0131lacak Sparkle Entertainment &amp; Design \u015eirketi, web sitesini ziyaret edenlerin gizlili\u011fini korumay\u0131 ilke olarak benimsemi\u015ftir. Bu nedenle, i\u015fbu gizlilik beyan\u0131 (\u201cGizlilik Beyan\u0131\u201d), web sitemizi kullan\u0131rken kullan\u0131c\u0131lara ili\u015fkin ne t\u00fcr bilgilerin Sparkle taraf\u0131ndan al\u0131nd\u0131\u011f\u0131n\u0131, bunlar\u0131n nas\u0131l kullan\u0131ld\u0131\u011f\u0131n\u0131 ve korundu\u011funu a\u00e7\u0131klamaktad\u0131r. Ayr\u0131ca i\u015fbu Gizlilik Beyan\u0131 \u00e7er\u00e7evesinde bu bilgilerin do\u011frulu\u011funun sizin taraf\u0131n\u0131zdan nas\u0131l denetlenebilece\u011fi ve istedi\u011finizde Sparkle\u00b4a ba\u015fvurarak bu bilgilerin silinmesini nas\u0131l sa\u011flayabilece\u011finiz belirtilmektedir. S\u00f6z konusu bilgilerin, mevcut ve ge\u00e7erli olan veri koruma d\u00fczenlemelerine uygun olarak i\u015flenmesi ve kullan\u0131lmas\u0131 i\u00e7in gerekli olan her t\u00fcrl\u00fc i\u015flem Saprkle taraf\u0131ndan yerine getirilecektir. \u0130\u015fbu Gizlilik Beyan\u0131, Sparkle sitesinden link verilmi\u015f ba\u015fka siteler (hyperlinked web siteleri) i\u00e7in ge\u00e7erli de\u011fildir.<\/p>\n<h2>2. Ki\u015fisel bilgilerin toplanmas\u0131, kullan\u0131m\u0131 ve i\u015flenmesi<\/h2>\n<p>Belirli bir ki\u015fiye ait kullan\u0131lacak ve i\u015flenecek bilgiler, yaln\u0131zca bu ki\u015finin kendi istemiyle veri girmesi ya da bu hususta a\u00e7\u0131k\u00e7a muvafakat vermesi halinde m\u00fcmk\u00fcnd\u00fcr. Veri girilmesi veya bu hususta a\u00e7\u0131k\u00e7a muvafakat verilmesi, ki\u015finin a\u015fa\u011f\u0131da belirtilen \u015fartlar ile mutab\u0131k oldu\u011funun g\u00f6stergesidir. Sitemizi ziyaret etti\u011finizde, sistem y\u00f6netimi, istatistik ve \u201cback up\u201d uygulamalar\u0131n\u0131n gerektirdi\u011fi baz\u0131 bilgiler sunucular\u0131m\u0131zda otomatik olarak depolanacakt\u0131r. Bu verilerin aras\u0131nda Internet servis sa\u011flay\u0131c\u0131n\u0131z\u0131n ismi, baz\u0131 durumlarda IP adresiniz, web gezgini yaz\u0131l\u0131m\u0131n\u0131z\u0131n versiyonu, eri\u015fim sa\u011flanan bilgisayar\u0131n i\u015fletim sistemi, bize y\u00f6nlendiren websitesi, sitemizdeyken ziyaret etti\u011finiz di\u011fer siteler ve sitemizi bulmak i\u00e7in kulland\u0131\u011f\u0131n\u0131z arama s\u00f6zc\u00fckleri bulunmaktad\u0131r. Duruma ba\u011fl\u0131 olarak bu t\u00fcr veriler, site ziyaret\u00e7isi hakk\u0131nda baz\u0131 sonu\u00e7lar \u00e7\u0131kar\u0131lmas\u0131n\u0131 sa\u011flar. Ancak hi\u00e7bir ki\u015fisel bilgi bu \u00e7er\u00e7evede kullan\u0131lmayacakt\u0131r. Bu t\u00fcr ki\u015fiye \u00f6zel veriler sadece anonimle\u015ftirilerek kullan\u0131labilir. Saprkle\u00b4\u0131n bu verileri d\u0131\u015far\u0131dan bir hizmet sa\u011flay\u0131c\u0131s\u0131na y\u00f6nlendirmesi durumunda, verilerin, veri g\u00fcvenli\u011fine ili\u015fkin mevcut yasal d\u00fczenlemeler \u00e7er\u00e7evesinde aktar\u0131lmas\u0131 i\u00e7in gerekli teknik ve organizasyonel i\u015flemler ger\u00e7ekle\u015ftirilecektir. Kendi iste\u011finizle ki\u015fisel bilgilerinizin verilmesi halinde, Saprkle, bu bilgileri yasada \u00f6ng\u00f6r\u00fclen veya ziyaret\u00e7inin muvafakat beyannamesinde belirtilen s\u0131n\u0131rlamalar dahilinde kullanaca\u011f\u0131n\u0131, i\u015fleme tabi tutulaca\u011f\u0131n\u0131 veya aktar\u0131laca\u011f\u0131n\u0131 taahh\u00fct eder. S\u00f6z konusu ki\u015fisel bilgilerinin \u00fc\u00e7\u00fcnc\u00fc ki\u015filere aktar\u0131m\u0131, sadece adli ya da idari mercilerce \u00f6ng\u00f6r\u00fclmesi halinde s\u00f6z konusu olacakt\u0131r. \u0130\u015fbu Gizlilik Beyan\u0131\u00b4na ili\u015fkin olas\u0131 de\u011fi\u015fiklikler bu sayfada yay\u0131mlanacakt\u0131r. Bu \u00e7er\u00e7evede, size ait hangi bilgilerin sakland\u0131\u011f\u0131na ve bu bilgilerin nas\u0131l kullan\u0131ld\u0131\u011f\u0131na dair g\u00fcncel olarak bilgi alman\u0131za olanak sa\u011flanacakt\u0131r. 3. G\u00fcvenlik Sparkle, size ait bilgileri g\u00fcvenli bi\u00e7imde saklamaktad\u0131r; dolay\u0131s\u0131yla s\u00f6z konusu bilgilerin herhangi bir kay\u0131ba, suistimale ya da de\u011fi\u015fikli\u011fe kar\u015f\u0131 korunmas\u0131 i\u00e7in gerekli t\u00fcm \u00f6nlemleri almaktad\u0131r. Sparkle\u00b4\u0131n, gerekli hizmeti size ula\u015ft\u0131rmak i\u00e7in bilgilerinize eri\u015fimi olan s\u00f6zle\u015fmesel ortaklar\u0131, s\u00f6zle\u015fmesel y\u00fck\u00fcml\u00fcl\u00fckleri \u00e7er\u00e7evesinde bu bilgileri gizli tutmak ve ba\u015fka hi\u00e7bir ama\u00e7la kullanmamakla y\u00fck\u00fcml\u00fcd\u00fcr. Baz\u0131 durumlarda ki\u015fisel bilgilerinizin Saprkle ba\u011fl\u0131 \u015firketleriyle payla\u015f\u0131lmas\u0131 gerekecektir. Bu durumlarda da bilgileriniz gizli adledilecektir.<\/p>\n<h2>4. \u00c7ocuklara ait, ki\u015fiye dair bilgiler<\/h2>\n<p>Sparkle web sitesinin yeti\u015fkinler taraf\u0131ndan kullan\u0131lmas\u0131 \u00f6ng\u00f6r\u00fclm\u00fc\u015f olup, Saprkle web sitesi \u00e7o\u00e7uklara y\u00f6nelik de\u011fildir. Sparkle, 14 ya\u015f\u0131ndan k\u00fc\u00e7\u00fck \u00e7o\u00e7uklara ili\u015fkin bilgilerle ilgilenmemektedir. Saprkle, s\u00f6z konusu \u00e7o\u00e7uklara, herhangi bir ki\u015fiye ait bilgileri g\u00f6ndermemeleri konusunda sitede uygun bir yerde a\u00e7\u0131k y\u00f6nlendirmelerde bulunacakt\u0131r. Ebeveynlerin ya da yasal velinin, g\u00f6zetimleri alt\u0131ndaki \u00e7ocuklar\u0131n herhangi bir ki\u015fiye ili\u015fkin bilgileri Sparkle\u00b4a ula\u015ft\u0131r\u0131ld\u0131\u011f\u0131na dair \u015f\u00fcpheleri olmas\u0131 halinde, e\u011fer s\u00f6z konusu bilgilerin silinmesi isteniyorsa, a\u015fa\u011f\u0131daki adresten (6. Maddeye bkz.) derhal bizle irtibata ge\u00e7melerini rica ederiz. B\u00f6yle bir durumda, s\u00f6z konusu bilgiler hi\u00e7 vakit kaybetmeden silinecektir.<\/p>\n<h2>5. \u00c7erez (&#8220;Cookie&#8221;ler)<\/h2>\n<p>\u00c7erez politikas\u0131n\u0131 g\u00f6r\u00fcnt\u00fclemek i\u00e7in <a href=\"\/cerez-politikasi\/\">t\u0131klay\u0131n\u0131z<\/a>.<\/p>\n<h2>6. Web \u0130zleme<\/h2>\n<p>Bu web sitesi Google Analytics teknolojisini kullanarak pazarlama ve optimizasyon ama\u00e7l\u0131 veri toplar ve saklar. Bu veriler anonimle\u015ftirilmi\u015f kullan\u0131c\u0131 profilleri olu\u015fturmak i\u00e7in kullan\u0131labilir. \u00c7erezler ayarlanm\u0131\u015f olabilir. Kullan\u0131c\u0131lar\u0131m\u0131z taraf\u0131ndan a\u00e7\u0131k bir anla\u015fma olmaks\u0131z\u0131n Google Analytics teknolojileri ile toplanan veriler ki\u015fisel bir ziyaret\u00e7inin kimli\u011fini belirlemek i\u00e7in kullan\u0131lmaz ve anonym herhangi di\u011fer ki\u015fisel bilgileri ile birle\u015ftirilmez.<\/p>\n<h2>7. \u0130stekleriniz ve sorular\u0131n\u0131z<\/h2>\n<p>Depolanan bilgiler, yasal veya s\u00f6zle\u015fmesel dosyalama s\u00fcresi sona erdi\u011finde veya Sparkle\u2019\u0131n art\u0131k gereksinimi kalmamas\u0131 halinde Sparkle taraf\u0131ndan silinecektir. Ancak, elbette siz istedi\u011finiz zaman size ait bilgilerin silinmesini talep edebilirsiniz. Ayr\u0131ca gelecekte, istedi\u011finiz zaman ki\u015fisel bilgilerinizin kullan\u0131m ya da i\u015fleme tabi tutulmas\u0131na dair muvakatinizi geri \u00e7ekebilirsiniz. Bu t\u00fcr durumlarda ya da ki\u015fisel bilgilerinize ait di\u011fer t\u00fcm sorular\u0131n\u0131z konusunda elektronik posta yoluyla sales@sparklebymarche.com adresinden bizimle ileti\u015fime ge\u00e7ebilirsiniz. Size ait bilgilerin saklan\u0131p ve bu bilgilerin kullan\u0131m alanlar\u0131na ili\u015fkin sorular\u0131n\u0131z i\u00e7in bizimle yine ayn\u0131 y\u00f6ntemle temasa ge\u00e7ebilirsiniz. Dileklerinize an\u0131nda yan\u0131t vermek i\u00e7in elimizden gelen t\u00fcm \u00e7abay\u0131 g\u00f6sterece\u011fimizden emin olabilirsiniz.<\/p>\n<h2>8. Sosyal Medya Eklentilerinin Kullan\u0131m\u0131<\/h2>\n<p>Sosyal a\u011flar facebook.com ve Twitter eklentileri (\u201ceklentiler\u201d) web sayfalar\u0131m\u0131za g\u00f6m\u00fclebilir. \u0130lgili servisler Facebook Inc. ve Twitter Inc. (\u201cservis sa\u011flay\u0131c\u0131lar\u201d) \u015firketleri taraf\u0131ndan sa\u011flan\u0131r. Web sitelerimizi ziyaret etti\u011finizde verilerinizin korunma seviyesini art\u0131rmak i\u00e7in bu eklentiler \u201c\u00c7ift t\u0131klanan butonlar\u201d olarak uygulamaya konmu\u015ftur. Bu tarz bir entegrasyon bu tarz eklentiler i\u00e7eren web sitelerine, web sitemiz i\u00e7erisinden eri\u015fti\u011finizde, otomatik olarak servis sa\u011flay\u0131c\u0131lar\u0131n sunucular\u0131yla ba\u011flant\u0131 kurmaman\u0131z\u0131 sa\u011flar. Sadece bu eklentileri etkinle\u015ftirmeniz durumunda veri aktar\u0131m\u0131na izin vermi\u015f olursunuz ve taray\u0131c\u0131 servis sa\u011flay\u0131c\u0131lar\u0131n sunucular\u0131na do\u011frudan bir ba\u011flant\u0131 olu\u015fturur. \u00c7e\u015fitli eklentilerin i\u00e7eri\u011fi ard\u0131ndan ilgili servis sa\u011flay\u0131c\u0131 taraf\u0131ndan do\u011frudan taray\u0131c\u0131n\u0131za aktar\u0131l\u0131r ve ard\u0131ndan ekran\u0131n\u0131zda g\u00f6r\u00fcnt\u00fclenir. Eklenti servis sa\u011flay\u0131c\u0131ya hangi websitesi sayfalar\u0131m\u0131z\u0131 ziyaret etti\u011finiz s\u00f6yler. Websitemizi gezerken Facebook ya da Twitter kullan\u0131c\u0131 hesab\u0131n\u0131za ba\u011fl\u0131 olman\u0131z durumunda, servis sa\u011flay\u0131c\u0131 kullan\u0131c\u0131 hesab\u0131n\u0131zla eri\u015fti\u011finiz bilgiler gibi ilgi duydu\u011funuz alanlar hakk\u0131nda veri toplayabilir. Herhangi eklenti fonksiyonunu kullan\u0131rken (\u00f6rne\u011fin \u201cLike\u201d [Be\u011feni] butonuna t\u0131kland\u0131\u011f\u0131nda, yorum yaz\u0131ld\u0131\u011f\u0131nda) bu bilgi de taray\u0131c\u0131 taraf\u0131ndan do\u011frudan saklanmak \u00fczere servis sa\u011flay\u0131c\u0131ya aktar\u0131l\u0131r. Facebook ya da Twitter taraf\u0131ndan veri toplanmas\u0131 ve kullan\u0131m\u0131 hakk\u0131nda daha ayr\u0131nt\u0131l\u0131 bilgilere ve bu \u015fartlar alt\u0131nda gizlili\u011finizi korumak i\u00e7in faydalanabilece\u011finiz haklar ve olas\u0131l\u0131klara servis sa\u011flay\u0131c\u0131n\u0131n veri koruma\/gizlilik tavsiyeleri alt\u0131ndan ula\u015fabilirsiniz. Veri koruma\/Facebook taraf\u0131ndan yay\u0131nlanan gizlilik tavsiyesi: http:\/\/www.facebook.com\/policy.php Veri koruma\/Twitter taraf\u0131ndan yay\u0131nlanan gizlilik tavsiyesi: https:\/\/twitter.com\/privacy Facebook ya da Twitter&#8217;\u0131n, sitelerinde sahip oldu\u011funuz kullan\u0131c\u0131 hesab\u0131n\u0131zla web sitemize ziyaretinize ili\u015fkin ba\u011flant\u0131 kurmas\u0131n\u0131 engellemek i\u00e7in, web sayfalar\u0131m\u0131za eri\u015fmeden \u00f6nce ilgili kullan\u0131c\u0131 hesaplar\u0131nda oturumunuzu kapatman\u0131z gerekir.[\/vc_column_text][\/vc_column][\/vc_row]<\/p>\n<\/section>","protected":false},"excerpt":{"rendered":"<p>[vc_row][vc_column][vc_column_text] 1. Genel Bundan b\u00f6yle \u201cSparkle\u201d olarak an\u0131lacak Sparkle Entertainment &amp; Design \u015eirketi, web sitesini ziyaret edenlerin gizlili\u011fini korumay\u0131 ilke olarak benimsemi\u015ftir. Bu nedenle, i\u015fbu gizlilik beyan\u0131 (\u201cGizlilik Beyan\u0131\u201d), web sitemizi kullan\u0131rken kullan\u0131c\u0131lara ili\u015fkin ne t\u00fcr bilgilerin Sparkle taraf\u0131ndan al\u0131nd\u0131\u011f\u0131n\u0131, bunlar\u0131n nas\u0131l kullan\u0131ld\u0131\u011f\u0131n\u0131 ve korundu\u011funu a\u00e7\u0131klamaktad\u0131r. Ayr\u0131ca i\u015fbu Gizlilik Beyan\u0131 \u00e7er\u00e7evesinde bu bilgilerin do\u011frulu\u011funun sizin [&hellip;]<\/p>\n","protected":false},"author":7,"featured_media":0,"parent":0,"menu_order":0,"comment_status":"closed","ping_status":"closed","template":"","meta":[],"acf":[],"yoast_head":"<!-- This site is optimized with the Yoast SEO plugin v20.2.1 - https:\/\/yoast.com\/wordpress\/plugins\/seo\/ -->\n<title>Privacy Policy - Sparkle<\/title>\n<meta name=\"description\" content=\"Hereinafter referred to as \u201cSparkle\u201d, Sparkle Entertainment &amp; Design Company has adopted the principle of protecting the privacy of visitors to the website.\" \/>\n<meta name=\"robots\" content=\"noindex, nofollow\" \/>\n<meta property=\"og:locale\" content=\"en_US\" \/>\n<meta property=\"og:type\" content=\"article\" \/>\n<meta property=\"og:title\" content=\"Privacy Policy - Sparkle\" \/>\n<meta property=\"og:description\" content=\"Hereinafter referred to as \u201cSparkle\u201d, Sparkle Entertainment &amp; Design Company has adopted the principle of protecting the privacy of visitors to the website.\" \/>\n<meta property=\"og:url\" content=\"https:\/\/sparklebymarche.com\/en\/privacy-policy\/\" \/>\n<meta property=\"og:site_name\" content=\"Sparkle\" \/>\n<meta property=\"article:modified_time\" content=\"2020-07-06T11:40:07+00:00\" \/>\n<meta name=\"twitter:card\" content=\"summary_large_image\" \/>\n<meta name=\"twitter:label1\" content=\"Est. reading time\" \/>\n\t<meta name=\"twitter:data1\" content=\"7 minutes\" \/>\n<script type=\"application\/ld+json\" class=\"yoast-schema-graph\">{\"@context\":\"https:\/\/schema.org\",\"@graph\":[{\"@type\":\"WebPage\",\"@id\":\"https:\/\/sparklebymarche.com\/en\/privacy-policy\/\",\"url\":\"https:\/\/sparklebymarche.com\/en\/privacy-policy\/\",\"name\":\"Privacy Policy - Sparkle\",\"isPartOf\":{\"@id\":\"https:\/\/sparklebymarche.com\/en\/#website\"},\"datePublished\":\"2020-04-13T06:44:24+00:00\",\"dateModified\":\"2020-07-06T11:40:07+00:00\",\"description\":\"Hereinafter referred to as \u201cSparkle\u201d, Sparkle Entertainment & Design Company has adopted the principle of protecting the privacy of visitors to the website.\",\"breadcrumb\":{\"@id\":\"https:\/\/sparklebymarche.com\/en\/privacy-policy\/#breadcrumb\"},\"inLanguage\":\"en-US\",\"potentialAction\":[{\"@type\":\"ReadAction\",\"target\":[\"https:\/\/sparklebymarche.com\/en\/privacy-policy\/\"]}]},{\"@type\":\"BreadcrumbList\",\"@id\":\"https:\/\/sparklebymarche.com\/en\/privacy-policy\/#breadcrumb\",\"itemListElement\":[{\"@type\":\"ListItem\",\"position\":1,\"name\":\"Ana sayfa\",\"item\":\"https:\/\/sparklebymarche.com\/en\/\"},{\"@type\":\"ListItem\",\"position\":2,\"name\":\"Privacy Policy\"}]},{\"@type\":\"WebSite\",\"@id\":\"https:\/\/sparklebymarche.com\/en\/#website\",\"url\":\"https:\/\/sparklebymarche.com\/en\/\",\"name\":\"Sparkle\",\"description\":\"Entertainment &amp; Design\",\"potentialAction\":[{\"@type\":\"SearchAction\",\"target\":{\"@type\":\"EntryPoint\",\"urlTemplate\":\"https:\/\/sparklebymarche.com\/en\/?s={search_term_string}\"},\"query-input\":\"required name=search_term_string\"}],\"inLanguage\":\"en-US\"}]}<\/script>\n<!-- \/ Yoast SEO plugin. -->","yoast_head_json":{"title":"Privacy Policy - Sparkle","description":"Hereinafter referred to as \u201cSparkle\u201d, Sparkle Entertainment & Design Company has adopted the principle of protecting the privacy of visitors to the website.","robots":{"index":"noindex","follow":"nofollow"},"og_locale":"en_US","og_type":"article","og_title":"Privacy Policy - Sparkle","og_description":"Hereinafter referred to as \u201cSparkle\u201d, Sparkle Entertainment & Design Company has adopted the principle of protecting the privacy of visitors to the website.","og_url":"https:\/\/sparklebymarche.com\/en\/privacy-policy\/","og_site_name":"Sparkle","article_modified_time":"2020-07-06T11:40:07+00:00","twitter_card":"summary_large_image","twitter_misc":{"Est. reading time":"7 minutes"},"schema":{"@context":"https:\/\/schema.org","@graph":[{"@type":"WebPage","@id":"https:\/\/sparklebymarche.com\/en\/privacy-policy\/","url":"https:\/\/sparklebymarche.com\/en\/privacy-policy\/","name":"Privacy Policy - Sparkle","isPartOf":{"@id":"https:\/\/sparklebymarche.com\/en\/#website"},"datePublished":"2020-04-13T06:44:24+00:00","dateModified":"2020-07-06T11:40:07+00:00","description":"Hereinafter referred to as \u201cSparkle\u201d, Sparkle Entertainment & Design Company has adopted the principle of protecting the privacy of visitors to the website.","breadcrumb":{"@id":"https:\/\/sparklebymarche.com\/en\/privacy-policy\/#breadcrumb"},"inLanguage":"en-US","potentialAction":[{"@type":"ReadAction","target":["https:\/\/sparklebymarche.com\/en\/privacy-policy\/"]}]},{"@type":"BreadcrumbList","@id":"https:\/\/sparklebymarche.com\/en\/privacy-policy\/#breadcrumb","itemListElement":[{"@type":"ListItem","position":1,"name":"Ana sayfa","item":"https:\/\/sparklebymarche.com\/en\/"},{"@type":"ListItem","position":2,"name":"Privacy Policy"}]},{"@type":"WebSite","@id":"https:\/\/sparklebymarche.com\/en\/#website","url":"https:\/\/sparklebymarche.com\/en\/","name":"Sparkle","description":"Entertainment &amp; Design","potentialAction":[{"@type":"SearchAction","target":{"@type":"EntryPoint","urlTemplate":"https:\/\/sparklebymarche.com\/en\/?s={search_term_string}"},"query-input":"required name=search_term_string"}],"inLanguage":"en-US"}]}},"_links":{"self":[{"href":"https:\/\/sparklebymarche.com\/en\/wp-json\/wp\/v2\/pages\/9835"}],"collection":[{"href":"https:\/\/sparklebymarche.com\/en\/wp-json\/wp\/v2\/pages"}],"about":[{"href":"https:\/\/sparklebymarche.com\/en\/wp-json\/wp\/v2\/types\/page"}],"author":[{"embeddable":true,"href":"https:\/\/sparklebymarche.com\/en\/wp-json\/wp\/v2\/users\/7"}],"replies":[{"embeddable":true,"href":"https:\/\/sparklebymarche.com\/en\/wp-json\/wp\/v2\/comments?post=9835"}],"version-history":[{"count":0,"href":"https:\/\/sparklebymarche.com\/en\/wp-json\/wp\/v2\/pages\/9835\/revisions"}],"wp:attachment":[{"href":"https:\/\/sparklebymarche.com\/en\/wp-json\/wp\/v2\/media?parent=9835"}],"curies":[{"name":"wp","href":"https:\/\/api.w.org\/{rel}","templated":true}]}}